{"id":36,"date":"2023-02-24T09:12:17","date_gmt":"2023-02-24T08:12:17","guid":{"rendered":"https:\/\/www.dantemedia.cz\/?page_id=36"},"modified":"2023-02-24T09:12:17","modified_gmt":"2023-02-24T08:12:17","slug":"kontakt","status":"publish","type":"page","link":"https:\/\/www.dantemedia.cz\/?page_id=36","title":{"rendered":"Kontakt"},"content":{"rendered":"\n<p>Dante media \u010cesko s.r.o.<\/p>\n\n\n\n<p><strong>S\u00eddlo:<\/strong><br>\u010d.p. 310,<br>739 59 St\u0159\u00edte\u017e<\/p>\n\n\n\n<p><strong>Pobo\u010dka:<\/strong><br>Dante media \u010cesko, s.r.o.<br>Rudn\u00e1 1117\/30a<br>703 00 Ostrava<\/p>\n\n\n\n<p>E-mail: info@dantemedia.cz<\/p>\n","protected":false},"excerpt":{"rendered":"<div class=\"slide-text-bg2\"><span>Dante media \u010cesko s.r.o. S\u00eddlo:\u010d.p. 310,739 59 St\u0159\u00edte\u017e Pobo\u010dka:Dante media \u010cesko, s.r.o.Rudn\u00e1 1117\/30a703 00 Ostrava E-mail: info@dantemedia.cz<\/span><\/div>\n","protected":false},"author":1,"featured_media":0,"parent":0,"menu_order":0,"comment_status":"closed","ping_status":"closed","template":"fullwidth.php","meta":{"footnotes":""},"class_list":["post-36","page","type-page","status-publish","hentry"],"_links":{"self":[{"href":"https:\/\/www.dantemedia.cz\/index.php?rest_route=\/wp\/v2\/pages\/36","targetHints":{"allow":["GET"]}}],"collection":[{"href":"https:\/\/www.dantemedia.cz\/index.php?rest_route=\/wp\/v2\/pages"}],"about":[{"href":"https:\/\/www.dantemedia.cz\/index.php?rest_route=\/wp\/v2\/types\/page"}],"author":[{"embeddable":true,"href":"https:\/\/www.dantemedia.cz\/index.php?rest_route=\/wp\/v2\/users\/1"}],"replies":[{"embeddable":true,"href":"https:\/\/www.dantemedia.cz\/index.php?rest_route=%2Fwp%2Fv2%2Fcomments&post=36"}],"version-history":[{"count":1,"href":"https:\/\/www.dantemedia.cz\/index.php?rest_route=\/wp\/v2\/pages\/36\/revisions"}],"predecessor-version":[{"id":37,"href":"https:\/\/www.dantemedia.cz\/index.php?rest_route=\/wp\/v2\/pages\/36\/revisions\/37"}],"wp:attachment":[{"href":"https:\/\/www.dantemedia.cz\/index.php?rest_route=%2Fwp%2Fv2%2Fmedia&parent=36"}],"curies":[{"name":"wp","href":"https:\/\/api.w.org\/{rel}","templated":true}]}}