{"id":40,"date":"2023-02-24T09:38:52","date_gmt":"2023-02-24T08:38:52","guid":{"rendered":"https:\/\/www.dantemedia.cz\/?page_id=40"},"modified":"2025-02-27T18:36:59","modified_gmt":"2025-02-27T17:36:59","slug":"projekty-eu","status":"publish","type":"page","link":"https:\/\/www.dantemedia.cz\/?page_id=40","title":{"rendered":"Projekty EU"},"content":{"rendered":"\n<p>Spole\u010dnost realizovala projekt EU s n\u00e1zvem <strong>Implementace<\/strong> <strong>DMS<\/strong>. P\u0159edm\u011btem projektu je digit\u00e1ln\u00ed transformace spole\u010dnosti spo\u010d\u00edvaj\u00edc\u00ed v po\u0159\u00edzen\u00ed informa\u010dn\u00edho syst\u00e9mu pro \u0159\u00edzen\u00ed a spr\u00e1vu dokument\u016f a datov\u00fdch soubor\u016f se specializovanou funkcionalitou.<\/p>\n\n\n\n<figure class=\"wp-block-image size-full\"><img loading=\"lazy\" decoding=\"async\" width=\"449\" height=\"103\" src=\"https:\/\/www.dantemedia.cz\/wp-content\/uploads\/2025\/02\/logo_eu.jpg\" alt=\"\" class=\"wp-image-45\"\/><\/figure>\n\n\n\n<p><\/p>\n\n\n\n<p>Spole\u010dnost realizovala projekt EU s n\u00e1zvem <strong>Digitalizace Dante media<\/strong>. P\u0159edm\u011btem projektu je po\u0159\u00edzen\u00ed souboru IT\/ICT technologi\u00ed a t\u00edm zv\u00fd\u0161en\u00ed digitalizace spole\u010dnosti. Po\u0159izovan\u00fd technologick\u00fd celek je slo\u017een z informa\u010dn\u00edho syst\u00e9mu pro \u0159\u00edzen\u00ed firemn\u00edch proces\u016f a d\u00e1le z navazuj\u00edc\u00edch softwarov\u00fdch a hardwarov\u00fdch technologi\u00ed.<\/p>\n\n\n\n<figure class=\"wp-block-image size-full\"><img loading=\"lazy\" decoding=\"async\" width=\"488\" height=\"111\" src=\"https:\/\/www.dantemedia.cz\/wp-content\/uploads\/2023\/02\/oppiklogo-eu.jpg\" alt=\"\" class=\"wp-image-41\"\/><\/figure>\n","protected":false},"excerpt":{"rendered":"<div class=\"slide-text-bg2\"><span>Spole\u010dnost realizovala projekt EU s n\u00e1zvem Implementace DMS. P\u0159edm\u011btem projektu je digit\u00e1ln\u00ed transformace spole\u010dnosti spo\u010d\u00edvaj\u00edc\u00ed v po\u0159\u00edzen\u00ed <\/span><\/div>\n<div class=\"slide-btn-area-sm\"><a href=\"https:\/\/www.dantemedia.cz\/?page_id=40\" class=\"slide-btn-sm\">Read More<\/a><\/div>\n","protected":false},"author":1,"featured_media":0,"parent":0,"menu_order":0,"comment_status":"closed","ping_status":"closed","template":"fullwidth.php","meta":{"footnotes":""},"class_list":["post-40","page","type-page","status-publish","hentry"],"_links":{"self":[{"href":"https:\/\/www.dantemedia.cz\/index.php?rest_route=\/wp\/v2\/pages\/40","targetHints":{"allow":["GET"]}}],"collection":[{"href":"https:\/\/www.dantemedia.cz\/index.php?rest_route=\/wp\/v2\/pages"}],"about":[{"href":"https:\/\/www.dantemedia.cz\/index.php?rest_route=\/wp\/v2\/types\/page"}],"author":[{"embeddable":true,"href":"https:\/\/www.dantemedia.cz\/index.php?rest_route=\/wp\/v2\/users\/1"}],"replies":[{"embeddable":true,"href":"https:\/\/www.dantemedia.cz\/index.php?rest_route=%2Fwp%2Fv2%2Fcomments&post=40"}],"version-history":[{"count":3,"href":"https:\/\/www.dantemedia.cz\/index.php?rest_route=\/wp\/v2\/pages\/40\/revisions"}],"predecessor-version":[{"id":46,"href":"https:\/\/www.dantemedia.cz\/index.php?rest_route=\/wp\/v2\/pages\/40\/revisions\/46"}],"wp:attachment":[{"href":"https:\/\/www.dantemedia.cz\/index.php?rest_route=%2Fwp%2Fv2%2Fmedia&parent=40"}],"curies":[{"name":"wp","href":"https:\/\/api.w.org\/{rel}","templated":true}]}}